{"id":12,"date":"2020-07-22T07:12:47","date_gmt":"2020-07-22T07:12:47","guid":{"rendered":"http:\/\/autohaus-nebel.com\/?page_id=12"},"modified":"2023-03-21T08:14:08","modified_gmt":"2023-03-21T08:14:08","slug":"impressum","status":"publish","type":"page","link":"https:\/\/autohaus-nebel.at\/?page_id=12","title":{"rendered":"Impressum"},"content":{"rendered":"<p>[et_pb_section fb_built=&#8220;1&#8243; _builder_version=&#8220;4.16&#8243; _module_preset=&#8220;default&#8220; bottom_divider_style=&#8220;ramp2&#8243; bottom_divider_color=&#8220;#333&#8243; global_colors_info=&#8220;{}&#8220;][et_pb_row _builder_version=&#8220;4.16&#8243; _module_preset=&#8220;default&#8220; global_colors_info=&#8220;{}&#8220;][et_pb_column type=&#8220;4_4&#8243; _builder_version=&#8220;4.16&#8243; _module_preset=&#8220;default&#8220; global_colors_info=&#8220;{}&#8220;][et_pb_text _builder_version=&#8220;4.16&#8243; _module_preset=&#8220;default&#8220; global_colors_info=&#8220;{}&#8220;]<\/p>\n<h1><span style=\"color: #e02b20;\">Impressum<\/span><\/h1>\n<p>&nbsp;<\/p>\n<h3><span style=\"font-size: small;\">Herausgeber und f\u00fcr den Inhalt verantwortlich:<\/span><\/h3>\n<p><strong style=\"color: #333333; font-family: Amiko, Helvetica, Arial, Lucida, sans-serif; font-size: 22px;\">Nebel Claus GmbH<\/strong><\/p>\n<p>Wettmannst\u00e4tten 107<br \/>A-8521 Wettmannst\u00e4tten<\/p>\n<p>Tel.: +43 (0) 3185 3630<br \/>Mobil: +43 (0) 676 5224722<br \/>FAX: +43 (0) 3185 3630 4<br \/>E-Mail: <a href=\"mailto:office@autohaus-nebel.at\">office@autohaus-nebel.at<\/a><\/p>\n<p>[\/et_pb_text][et_pb_text _builder_version=&#8220;4.16&#8243; _module_preset=&#8220;default&#8220; global_colors_info=&#8220;{}&#8220;]<\/p>\n<h3><\/h3>\n<h3><span style=\"color: #e02b20;\">Haftungsausschluss<\/span><\/h3>\n<p>Eine Haftung f\u00fcr die Richtigkeit der Ver\u00f6ffentlichungen kann trotz sorgf\u00e4ltiger Pr\u00fcfung nicht \u00fcbernommen werden.<br \/> Alle Daten, Bilder sowie Grafiken unterliegen den Urheberrechten.<\/p>\n<p>[\/et_pb_text][\/et_pb_column][\/et_pb_row][\/et_pb_section]<\/p>\n","protected":false},"excerpt":{"rendered":"<p>Impressum &nbsp; Herausgeber und f\u00fcr den Inhalt verantwortlich: Nebel Claus GmbH Wettmannst\u00e4tten 107A-8521 Wettmannst\u00e4tten Tel.: +43 (0) 3185 3630Mobil: +43 (0) 676 5224722FAX: +43 (0) 3185 3630 4E-Mail: office@autohaus-nebel.at Haftungsausschluss Eine Haftung f\u00fcr die Richtigkeit der Ver\u00f6ffentlichungen kann trotz sorgf\u00e4ltiger Pr\u00fcfung nicht \u00fcbernommen werden. Alle Daten, Bilder sowie Grafiken unterliegen den Urheberrechten.<\/p>\n","protected":false},"author":1,"featured_media":0,"parent":0,"menu_order":0,"comment_status":"closed","ping_status":"closed","template":"","meta":{"_et_pb_use_builder":"on","_et_pb_old_content":"","_et_gb_content_width":"","footnotes":""},"class_list":["post-12","page","type-page","status-publish","hentry"],"_links":{"self":[{"href":"https:\/\/autohaus-nebel.at\/index.php?rest_route=\/wp\/v2\/pages\/12","targetHints":{"allow":["GET"]}}],"collection":[{"href":"https:\/\/autohaus-nebel.at\/index.php?rest_route=\/wp\/v2\/pages"}],"about":[{"href":"https:\/\/autohaus-nebel.at\/index.php?rest_route=\/wp\/v2\/types\/page"}],"author":[{"embeddable":true,"href":"https:\/\/autohaus-nebel.at\/index.php?rest_route=\/wp\/v2\/users\/1"}],"replies":[{"embeddable":true,"href":"https:\/\/autohaus-nebel.at\/index.php?rest_route=%2Fwp%2Fv2%2Fcomments&post=12"}],"version-history":[{"count":7,"href":"https:\/\/autohaus-nebel.at\/index.php?rest_route=\/wp\/v2\/pages\/12\/revisions"}],"predecessor-version":[{"id":712,"href":"https:\/\/autohaus-nebel.at\/index.php?rest_route=\/wp\/v2\/pages\/12\/revisions\/712"}],"wp:attachment":[{"href":"https:\/\/autohaus-nebel.at\/index.php?rest_route=%2Fwp%2Fv2%2Fmedia&parent=12"}],"curies":[{"name":"wp","href":"https:\/\/api.w.org\/{rel}","templated":true}]}}